{"id":604,"date":"2023-12-29T14:21:12","date_gmt":"2023-12-29T13:21:12","guid":{"rendered":"https:\/\/entech.se\/?page_id=604"},"modified":"2023-12-29T14:25:23","modified_gmt":"2023-12-29T13:25:23","slug":"cookiepolicy","status":"publish","type":"page","link":"https:\/\/entech.se\/en\/cookiepolicy\/","title":{"rendered":"Cookiepolicy"},"content":{"rendered":"<div data-elementor-type=\"wp-page\" data-elementor-id=\"604\" class=\"elementor elementor-604\" data-elementor-post-type=\"page\">\n\t\t\t\t\t\t<section class=\"elementor-section elementor-top-section elementor-element elementor-element-712080c elementor-section-height-min-height elementor-section-boxed elementor-section-height-default elementor-section-items-middle\" data-id=\"712080c\" data-element_type=\"section\" data-e-type=\"section\" data-settings=\"{&quot;background_background&quot;:&quot;classic&quot;}\">\n\t\t\t\t\t\t\t<div class=\"elementor-background-overlay\"><\/div>\n\t\t\t\t\t\t\t<div class=\"elementor-container elementor-column-gap-default\">\n\t\t\t\t\t<div class=\"elementor-column elementor-col-100 elementor-top-column elementor-element elementor-element-3bcf78f\" data-id=\"3bcf78f\" data-element_type=\"column\" data-e-type=\"column\">\n\t\t\t<div class=\"elementor-widget-wrap elementor-element-populated\">\n\t\t\t\t\t\t<div class=\"elementor-element elementor-element-4811620 elementor-widget elementor-widget-heading\" data-id=\"4811620\" data-element_type=\"widget\" data-e-type=\"widget\" data-widget_type=\"heading.default\">\n\t\t\t\t<div class=\"elementor-widget-container\">\n\t\t\t\t\t<h1 class=\"elementor-heading-title elementor-size-default\">Cookiepolicy<\/h1>\t\t\t\t<\/div>\n\t\t\t\t<\/div>\n\t\t\t\t<div class=\"elementor-element elementor-element-0f2ce0f elementor-widget elementor-widget-heading\" data-id=\"0f2ce0f\" data-element_type=\"widget\" data-e-type=\"widget\" data-widget_type=\"heading.default\">\n\t\t\t\t<div class=\"elementor-widget-container\">\n\t\t\t\t\t<h3 class=\"elementor-heading-title elementor-size-default\">Cookiepolicy f\u00f6r Entech\n<\/h3>\t\t\t\t<\/div>\n\t\t\t\t<\/div>\n\t\t\t\t\t<\/div>\n\t\t<\/div>\n\t\t\t\t\t<\/div>\n\t\t<\/section>\n\t\t\t\t<section class=\"elementor-section elementor-top-section elementor-element elementor-element-9beee02 elementor-section-boxed elementor-section-height-default elementor-section-height-default\" data-id=\"9beee02\" data-element_type=\"section\" data-e-type=\"section\" data-settings=\"{&quot;background_background&quot;:&quot;classic&quot;}\">\n\t\t\t\t\t\t<div class=\"elementor-container elementor-column-gap-default\">\n\t\t\t\t\t<div class=\"elementor-column elementor-col-100 elementor-top-column elementor-element elementor-element-822d9d3\" data-id=\"822d9d3\" data-element_type=\"column\" data-e-type=\"column\">\n\t\t\t<div class=\"elementor-widget-wrap elementor-element-populated\">\n\t\t\t\t\t\t<div class=\"elementor-element elementor-element-91f7431 elementor-widget elementor-widget-heading\" data-id=\"91f7431\" data-element_type=\"widget\" data-e-type=\"widget\" data-widget_type=\"heading.default\">\n\t\t\t\t<div class=\"elementor-widget-container\">\n\t\t\t\t\t<h2 class=\"elementor-heading-title elementor-size-default\">L\u00e4s v\u00e5r cookiepolicy<\/h2>\t\t\t\t<\/div>\n\t\t\t\t<\/div>\n\t\t\t\t<div class=\"elementor-element elementor-element-4fe21eb elementor-widget-divider--view-line elementor-widget elementor-widget-divider\" data-id=\"4fe21eb\" data-element_type=\"widget\" data-e-type=\"widget\" data-widget_type=\"divider.default\">\n\t\t\t\t<div class=\"elementor-widget-container\">\n\t\t\t\t\t\t\t<div class=\"elementor-divider\">\n\t\t\t<span class=\"elementor-divider-separator\">\n\t\t\t\t\t\t<\/span>\n\t\t<\/div>\n\t\t\t\t\t\t<\/div>\n\t\t\t\t<\/div>\n\t\t\t\t<div class=\"elementor-element elementor-element-88b5a6a elementor-widget elementor-widget-text-editor\" data-id=\"88b5a6a\" data-element_type=\"widget\" data-e-type=\"widget\" data-widget_type=\"text-editor.default\">\n\t\t\t\t<div class=\"elementor-widget-container\">\n\t\t\t\t\t\t\t\t\t<h3><b><span data-contrast=\"none\">Vad \u00e4r cookies<\/span><\/b><span data-ccp-props=\"{&quot;201341983&quot;:0,&quot;335559739&quot;:160,&quot;335559740&quot;:259}\">\u00a0<\/span><\/h3><p><span data-contrast=\"none\">Som \u00e4r vanligt med n\u00e4stan alla professionella webbplatser anv\u00e4nder denna webbplats \u201ccookies\u201d. Cookies, kakor eller webbkakor \u00e4r sm\u00e5 filer som laddas ner till din dator f\u00f6r att f\u00f6rb\u00e4ttra din upplevelse p\u00e5 webbplatsen. Den h\u00e4r sidan beskriver vilken information de samlar in, hur vi anv\u00e4nder den och varf\u00f6r vi ibland beh\u00f6ver lagra dessa cookies. Vi kommer ocks\u00e5 att f\u00f6rklara hur du kan f\u00f6rhindra att dessa cookies lagras, men detta kan nedgradera eller \u201dbryta\u201d vissa delar av webbplatsens funktionalitet. Du kan l\u00e4sa mer om vad cookies \u00e4r p\u00e5 <\/span><a href=\"https:\/\/sv.wikipedia.org\/wiki\/Webbkaka\"><span data-contrast=\"none\">Wikiepedia<\/span><\/a><span data-contrast=\"none\">.<\/span><span data-ccp-props=\"{&quot;201341983&quot;:0,&quot;335559739&quot;:160,&quot;335559740&quot;:259}\">\u00a0<\/span><\/p><h3><b><span data-contrast=\"none\">Hur vi anv\u00e4nder cookies<\/span><\/b><span data-ccp-props=\"{&quot;201341983&quot;:0,&quot;335559739&quot;:160,&quot;335559740&quot;:259}\">\u00a0<\/span><\/h3><p><span data-contrast=\"none\">Vi anv\u00e4nder cookies av en m\u00e4ngd olika sk\u00e4l som beskrivs nedan. Tyv\u00e4rr finns det i de flesta fall inga branschstandardalternativ f\u00f6r att inaktivera cookies utan att helt inaktivera funktionaliteten och funktionerna som de l\u00e4gger till p\u00e5 denna webbplats. Det rekommenderas att du l\u00e4mnar alla cookies p\u00e5 om du \u00e4r os\u00e4ker om du beh\u00f6ver dem eller inte f\u00f6r att tillhandah\u00e5lla en tj\u00e4nst som du anv\u00e4nder.<\/span><span data-ccp-props=\"{&quot;201341983&quot;:0,&quot;335559739&quot;:160,&quot;335559740&quot;:259}\">\u00a0<\/span><\/p><h3><b><span data-contrast=\"none\">Inaktivera cookies<\/span><\/b><span data-ccp-props=\"{&quot;201341983&quot;:0,&quot;335559739&quot;:160,&quot;335559740&quot;:259}\">\u00a0<\/span><\/h3><p><span data-contrast=\"none\">Du kan f\u00f6rhindra inst\u00e4llningen av cookies genom att justera inst\u00e4llningarna i din webbl\u00e4sare (se webbl\u00e4sarens hj\u00e4lp f\u00f6r hur du g\u00f6r detta). Var medveten om att inaktivering av cookies kommer att p\u00e5verka funktionen hos denna och m\u00e5nga andra webbplatser som du bes\u00f6ker. Inaktivering av cookies kommer vanligtvis att leda till att vissa funktioner p\u00e5 denna och andra webbplatser nedgradera eller bryts helt. D\u00e4rf\u00f6r rekommenderas det att du inte inaktiverar cookies.\u00a0<\/span><span data-ccp-props=\"{&quot;201341983&quot;:0,&quot;335559739&quot;:160,&quot;335559740&quot;:259}\">\u00a0<\/span><\/p><h3><strong>Formul\u00e4rrelaterade cookies<span style=\"font-style: inherit;\" data-ccp-props=\"{&quot;201341983&quot;:0,&quot;335559739&quot;:160,&quot;335559740&quot;:259}\">\u00a0<\/span><\/strong><\/h3><p><span data-contrast=\"none\">N\u00e4r du skickar data till via ett formul\u00e4r som de som finns p\u00e5 kontaktsidor eller kommentarsformul\u00e4r kan cookies st\u00e4llas in f\u00f6r att komma ih\u00e5g dina anv\u00e4ndaruppgifter f\u00f6r framtida korrespondens.<\/span><span data-ccp-props=\"{&quot;201341983&quot;:0,&quot;335559739&quot;:160,&quot;335559740&quot;:259}\">\u00a0<\/span><\/p><h3><b><span data-contrast=\"none\">Tredjepartscookies<\/span><\/b><span data-ccp-props=\"{&quot;201341983&quot;:0,&quot;335559739&quot;:160,&quot;335559740&quot;:259}\">\u00a0<\/span><\/h3><p><span data-contrast=\"none\">I vissa speciella fall anv\u00e4nder vi \u00e4ven cookies fr\u00e5n p\u00e5litliga tredje parter. F\u00f6ljande avsnitt beskriver vilka tredjepartscookies du kan st\u00f6ta p\u00e5 via denna webbplats.<\/span><span data-ccp-props=\"{&quot;201341983&quot;:0,&quot;335559739&quot;:160,&quot;335559740&quot;:259}\">\u00a0<\/span><\/p><p><span data-contrast=\"none\">Den h\u00e4r webbplatsen anv\u00e4nder Google Analytics som \u00e4r en av de mest utbredda och p\u00e5litliga analysl\u00f6sningarna p\u00e5 webben f\u00f6r att hj\u00e4lpa oss att f\u00f6rst\u00e5 hur du anv\u00e4nder webbplatsen och hur vi kan f\u00f6rb\u00e4ttra din upplevelse. Dessa cookies kan sp\u00e5ra saker som hur l\u00e4nge du spenderar p\u00e5 webbplatsen och de sidor du bes\u00f6ker s\u00e5 att vi kan forts\u00e4tta att producera engagerande inneh\u00e5ll.<\/span><span data-ccp-props=\"{&quot;201341983&quot;:0,&quot;335559739&quot;:160,&quot;335559740&quot;:259}\">\u00a0<\/span><\/p><p><span data-contrast=\"none\">F\u00f6r mer information om Google Analytics-cookies, se den officiella Google Analytics-sidan.<\/span><span data-ccp-props=\"{&quot;201341983&quot;:0,&quot;335559739&quot;:160,&quot;335559740&quot;:259}\">\u00a0<\/span><\/p><p><span data-contrast=\"none\">Tredjepartsanalyser anv\u00e4nds f\u00f6r att sp\u00e5ra och m\u00e4ta anv\u00e4ndningen av denna webbplats s\u00e5 att vi kan forts\u00e4tta att producera engagerande inneh\u00e5ll. Dessa cookies kan sp\u00e5ra saker som hur l\u00e4nge du spenderar p\u00e5 webbplatsen eller sidor du bes\u00f6ker, vilket hj\u00e4lper oss att f\u00f6rst\u00e5 hur vi kan f\u00f6rb\u00e4ttra webbplatsen \u00e5t dig.<\/span><span data-ccp-props=\"{&quot;201341983&quot;:0,&quot;335559739&quot;:160,&quot;335559740&quot;:259}\">\u00a0<\/span><\/p><p><span data-contrast=\"none\">N\u00e4r\/om vi s\u00e4ljer produkter \u00e4r det viktigt f\u00f6r oss att f\u00f6rst\u00e5 statistik om hur m\u00e5nga av bes\u00f6karna p\u00e5 v\u00e5r sida som faktiskt g\u00f6r ett k\u00f6p och som s\u00e5dan \u00e4r detta den typ av data som dessa cookies kommer att sp\u00e5ra. Detta \u00e4r viktigt f\u00f6r dig eftersom det betyder att vi kan g\u00f6ra aff\u00e4rsf\u00f6ruts\u00e4gelser exakt som g\u00f6r att vi kan \u00f6vervaka v\u00e5ra annonserings- och produktkostnader f\u00f6r att s\u00e4kerst\u00e4lla b\u00e4sta m\u00f6jliga pris.<\/span><span data-ccp-props=\"{&quot;201341983&quot;:0,&quot;335559739&quot;:160,&quot;335559740&quot;:259}\">\u00a0<\/span><\/p><h3><b><span data-contrast=\"none\">Mer information<\/span><\/b><span data-ccp-props=\"{&quot;201341983&quot;:0,&quot;335559739&quot;:160,&quot;335559740&quot;:259}\">\u00a0<\/span><\/h3><p><span data-contrast=\"none\">F\u00f6rhoppningsvis har det klargjort saker och ting f\u00f6r dig och som tidigare n\u00e4mnts, \u00e4r det \u00e4r n\u00e5got som du inte \u00e4r s\u00e4ker p\u00e5 om du beh\u00f6ver eller inte, \u00e4r det vanligtvis s\u00e4krare att l\u00e4mna cookies aktiverade. Men om du fortfarande letar efter mer information kan du kontakta oss genom en av v\u00e5ra f\u00f6redragna kontaktmetoder:<\/span><span data-ccp-props=\"{&quot;201341983&quot;:0,&quot;335559739&quot;:160,&quot;335559740&quot;:259}\">\u00a0<\/span><\/p>\t\t\t\t\t\t\t\t<\/div>\n\t\t\t\t<\/div>\n\t\t\t\t<div class=\"elementor-element elementor-element-5cd6953 elementor-align-center elementor-widget elementor-widget-button\" data-id=\"5cd6953\" data-element_type=\"widget\" data-e-type=\"widget\" data-widget_type=\"button.default\">\n\t\t\t\t<div class=\"elementor-widget-container\">\n\t\t\t\t\t\t\t\t\t<div class=\"elementor-button-wrapper\">\n\t\t\t\t\t<a class=\"elementor-button elementor-button-link elementor-size-sm\" href=\"\/en\/kontakt\/\">\n\t\t\t\t\t\t<span class=\"elementor-button-content-wrapper\">\n\t\t\t\t\t\t\t\t\t<span class=\"elementor-button-text\">Contact Us<\/span>\n\t\t\t\t\t<\/span>\n\t\t\t\t\t<\/a>\n\t\t\t\t<\/div>\n\t\t\t\t\t\t\t\t<\/div>\n\t\t\t\t<\/div>\n\t\t\t\t\t<\/div>\n\t\t<\/div>\n\t\t\t\t\t<\/div>\n\t\t<\/section>\n\t\t\t\t<\/div>","protected":false},"excerpt":{"rendered":"<p>Cookiepolicy Cookiepolicy f\u00f6r Entech L\u00e4s v\u00e5r cookiepolicy Vad \u00e4r cookies\u00a0 Som \u00e4r vanligt med n\u00e4stan alla professionella webbplatser anv\u00e4nder denna webbplats \u201ccookies\u201d. Cookies, kakor eller webbkakor \u00e4r sm\u00e5 filer som laddas ner till din dator f\u00f6r att f\u00f6rb\u00e4ttra din upplevelse p\u00e5 webbplatsen. Den h\u00e4r sidan beskriver vilken information de samlar in, hur vi anv\u00e4nder den [&hellip;]<\/p>\n","protected":false},"author":1,"featured_media":0,"parent":0,"menu_order":0,"comment_status":"closed","ping_status":"closed","template":"","meta":{"site-sidebar-layout":"no-sidebar","site-content-layout":"","ast-site-content-layout":"full-width-container","site-content-style":"default","site-sidebar-style":"default","ast-global-header-display":"","ast-banner-title-visibility":"","ast-main-header-display":"","ast-hfb-above-header-display":"","ast-hfb-below-header-display":"","ast-hfb-mobile-header-display":"","site-post-title":"disabled","ast-breadcrumbs-content":"","ast-featured-img":"disabled","footer-sml-layout":"","ast-disable-related-posts":"","theme-transparent-header-meta":"","adv-header-id-meta":"","stick-header-meta":"","header-above-stick-meta":"","header-main-stick-meta":"","header-below-stick-meta":"","astra-migrate-meta-layouts":"default","ast-page-background-enabled":"default","ast-page-background-meta":{"desktop":{"background-color":"var(--ast-global-color-4)","background-image":"","background-repeat":"repeat","background-position":"center center","background-size":"auto","background-attachment":"scroll","background-type":"","background-media":"","overlay-type":"","overlay-color":"","overlay-opacity":"","overlay-gradient":""},"tablet":{"background-color":"","background-image":"","background-repeat":"repeat","background-position":"center center","background-size":"auto","background-attachment":"scroll","background-type":"","background-media":"","overlay-type":"","overlay-color":"","overlay-opacity":"","overlay-gradient":""},"mobile":{"background-color":"","background-image":"","background-repeat":"repeat","background-position":"center center","background-size":"auto","background-attachment":"scroll","background-type":"","background-media":"","overlay-type":"","overlay-color":"","overlay-opacity":"","overlay-gradient":""}},"ast-content-background-meta":{"desktop":{"background-color":"var(--ast-global-color-5)","background-image":"","background-repeat":"repeat","background-position":"center center","background-size":"auto","background-attachment":"scroll","background-type":"","background-media":"","overlay-type":"","overlay-color":"","overlay-opacity":"","overlay-gradient":""},"tablet":{"background-color":"var(--ast-global-color-5)","background-image":"","background-repeat":"repeat","background-position":"center center","background-size":"auto","background-attachment":"scroll","background-type":"","background-media":"","overlay-type":"","overlay-color":"","overlay-opacity":"","overlay-gradient":""},"mobile":{"background-color":"var(--ast-global-color-5)","background-image":"","background-repeat":"repeat","background-position":"center center","background-size":"auto","background-attachment":"scroll","background-type":"","background-media":"","overlay-type":"","overlay-color":"","overlay-opacity":"","overlay-gradient":""}},"footnotes":""},"class_list":["post-604","page","type-page","status-publish","hentry"],"_links":{"self":[{"href":"https:\/\/entech.se\/en\/wp-json\/wp\/v2\/pages\/604","targetHints":{"allow":["GET"]}}],"collection":[{"href":"https:\/\/entech.se\/en\/wp-json\/wp\/v2\/pages"}],"about":[{"href":"https:\/\/entech.se\/en\/wp-json\/wp\/v2\/types\/page"}],"author":[{"embeddable":true,"href":"https:\/\/entech.se\/en\/wp-json\/wp\/v2\/users\/1"}],"replies":[{"embeddable":true,"href":"https:\/\/entech.se\/en\/wp-json\/wp\/v2\/comments?post=604"}],"version-history":[{"count":10,"href":"https:\/\/entech.se\/en\/wp-json\/wp\/v2\/pages\/604\/revisions"}],"predecessor-version":[{"id":615,"href":"https:\/\/entech.se\/en\/wp-json\/wp\/v2\/pages\/604\/revisions\/615"}],"wp:attachment":[{"href":"https:\/\/entech.se\/en\/wp-json\/wp\/v2\/media?parent=604"}],"curies":[{"name":"wp","href":"https:\/\/api.w.org\/{rel}","templated":true}]}}