{"id":19,"date":"2023-12-28T13:36:11","date_gmt":"2023-12-28T12:36:11","guid":{"rendered":"https:\/\/entech.se\/?page_id=19"},"modified":"2024-02-14T10:37:52","modified_gmt":"2024-02-14T09:37:52","slug":"rorugnar","status":"publish","type":"page","link":"https:\/\/entech.se\/en\/rorugnar\/","title":{"rendered":"Tube furnaces"},"content":{"rendered":"<div data-elementor-type=\"wp-page\" data-elementor-id=\"19\" class=\"elementor elementor-19\" data-elementor-post-type=\"page\">\n\t\t\t\t\t\t<section class=\"elementor-section elementor-top-section elementor-element elementor-element-6ff3e47 elementor-section-height-min-height elementor-section-boxed elementor-section-height-default elementor-section-items-middle\" data-id=\"6ff3e47\" data-element_type=\"section\" data-e-type=\"section\" data-settings=\"{&quot;background_background&quot;:&quot;classic&quot;}\">\n\t\t\t\t\t\t\t<div class=\"elementor-background-overlay\"><\/div>\n\t\t\t\t\t\t\t<div class=\"elementor-container elementor-column-gap-default\">\n\t\t\t\t\t<div class=\"elementor-column elementor-col-100 elementor-top-column elementor-element elementor-element-4cc1daf\" data-id=\"4cc1daf\" data-element_type=\"column\" data-e-type=\"column\">\n\t\t\t<div class=\"elementor-widget-wrap elementor-element-populated\">\n\t\t\t\t\t\t<div class=\"elementor-element elementor-element-cffb69d elementor-widget elementor-widget-heading\" data-id=\"cffb69d\" data-element_type=\"widget\" data-e-type=\"widget\" data-widget_type=\"heading.default\">\n\t\t\t\t<div class=\"elementor-widget-container\">\n\t\t\t\t\t<h1 class=\"elementor-heading-title elementor-size-default\">Tube furnaces<\/h1>\t\t\t\t<\/div>\n\t\t\t\t<\/div>\n\t\t\t\t<div class=\"elementor-element elementor-element-13acff2 elementor-widget elementor-widget-heading\" data-id=\"13acff2\" data-element_type=\"widget\" data-e-type=\"widget\" data-widget_type=\"heading.default\">\n\t\t\t\t<div class=\"elementor-widget-container\">\n\t\t\t\t\t<h3 class=\"elementor-heading-title elementor-size-default\">Entech tube furnaces<\/h3>\t\t\t\t<\/div>\n\t\t\t\t<\/div>\n\t\t\t\t\t<\/div>\n\t\t<\/div>\n\t\t\t\t\t<\/div>\n\t\t<\/section>\n\t\t\t\t<section class=\"elementor-section elementor-top-section elementor-element elementor-element-18f9371 elementor-section-boxed elementor-section-height-default elementor-section-height-default\" data-id=\"18f9371\" data-element_type=\"section\" data-e-type=\"section\" data-settings=\"{&quot;background_background&quot;:&quot;classic&quot;}\">\n\t\t\t\t\t\t<div class=\"elementor-container elementor-column-gap-default\">\n\t\t\t\t\t<div class=\"elementor-column elementor-col-100 elementor-top-column elementor-element elementor-element-52a3ed6\" data-id=\"52a3ed6\" data-element_type=\"column\" data-e-type=\"column\">\n\t\t\t<div class=\"elementor-widget-wrap elementor-element-populated\">\n\t\t\t\t\t\t<div class=\"elementor-element elementor-element-35a80cf elementor-widget elementor-widget-heading\" data-id=\"35a80cf\" data-element_type=\"widget\" data-e-type=\"widget\" data-widget_type=\"heading.default\">\n\t\t\t\t<div class=\"elementor-widget-container\">\n\t\t\t\t\t<h2 class=\"elementor-heading-title elementor-size-default\">Entechs tube furnaces\n<\/h2>\t\t\t\t<\/div>\n\t\t\t\t<\/div>\n\t\t\t\t<div class=\"elementor-element elementor-element-127b64e elementor-widget-divider--view-line elementor-widget elementor-widget-divider\" data-id=\"127b64e\" data-element_type=\"widget\" data-e-type=\"widget\" data-widget_type=\"divider.default\">\n\t\t\t\t<div class=\"elementor-widget-container\">\n\t\t\t\t\t\t\t<div class=\"elementor-divider\">\n\t\t\t<span class=\"elementor-divider-separator\">\n\t\t\t\t\t\t<\/span>\n\t\t<\/div>\n\t\t\t\t\t\t<\/div>\n\t\t\t\t<\/div>\n\t\t\t\t<div class=\"elementor-element elementor-element-35bf6c2 elementor-widget elementor-widget-text-editor\" data-id=\"35bf6c2\" data-element_type=\"widget\" data-e-type=\"widget\" data-widget_type=\"text-editor.default\">\n\t\t\t\t<div class=\"elementor-widget-container\">\n\t\t\t\t\t\t\t\t\t<p>In the same way as Entech chamber furnaces our tube furnaces are designed for different operating temperatures and applications. Operating temperatures range between 1100 -1800 \u00b0C in continuous operation. The furnaces are designed as split furnaces which can be opened horizontally or vertically or as closed furnaces with ceramic or metallic tubes.<\/p><p>Depending on which temperature profile is required they will be designed with one or multiple temperature zones individually controlled. We are also supplying ceramic tubes with or without water-cooled tube end sealing.<\/p>\t\t\t\t\t\t\t\t<\/div>\n\t\t\t\t<\/div>\n\t\t\t\t<div class=\"elementor-element elementor-element-5df64cd elementor-posts__hover-none elementor-grid-4 elementor-grid-tablet-2 elementor-grid-mobile-1 elementor-posts--thumbnail-top elementor-card-shadow-yes elementor-widget elementor-widget-posts\" data-id=\"5df64cd\" data-element_type=\"widget\" data-e-type=\"widget\" data-settings=\"{&quot;cards_columns&quot;:&quot;4&quot;,&quot;cards_columns_tablet&quot;:&quot;2&quot;,&quot;cards_columns_mobile&quot;:&quot;1&quot;,&quot;cards_row_gap&quot;:{&quot;unit&quot;:&quot;px&quot;,&quot;size&quot;:35,&quot;sizes&quot;:[]},&quot;cards_row_gap_tablet&quot;:{&quot;unit&quot;:&quot;px&quot;,&quot;size&quot;:&quot;&quot;,&quot;sizes&quot;:[]},&quot;cards_row_gap_mobile&quot;:{&quot;unit&quot;:&quot;px&quot;,&quot;size&quot;:&quot;&quot;,&quot;sizes&quot;:[]}}\" data-widget_type=\"posts.cards\">\n\t\t\t\t<div class=\"elementor-widget-container\">\n\t\t\t\t\t\t\t<div class=\"elementor-posts-container elementor-posts elementor-posts--skin-cards elementor-grid\" role=\"list\">\n\t\t\t\t<article class=\"elementor-post elementor-grid-item post-385 post type-post status-publish format-standard has-post-thumbnail hentry category-rorugnar\" role=\"listitem\">\n\t\t\t<div class=\"elementor-post__card\">\n\t\t\t\t<a class=\"elementor-post__thumbnail__link\" href=\"https:\/\/entech.se\/en\/vstf-17-vertical-split-tube-furnace-up-to-1700-c\/\" tabindex=\"-1\" ><div class=\"elementor-post__thumbnail\"><img decoding=\"async\" width=\"131\" height=\"140\" src=\"https:\/\/entech.se\/wp-content\/uploads\/2023\/12\/Entech_VSTF17_S.jpg\" class=\"attachment-full size-full wp-image-346\" alt=\"\" \/><\/div><\/a>\n\t\t\t\t<div class=\"elementor-post__badge\">Tube furnaces<\/div>\n\t\t\t\t<div class=\"elementor-post__text\">\n\t\t\t\t<h3 class=\"elementor-post__title\">\n\t\t\t<a href=\"https:\/\/entech.se\/en\/vstf-17-vertical-split-tube-furnace-up-to-1700-c\/\" >\n\t\t\t\tVSTF 17 VERTICAL SPLIT TUBE FURNACE UP TO 1700 \u00b0C\t\t\t<\/a>\n\t\t<\/h3>\n\t\t\t\t\t<div class=\"elementor-post__read-more-wrapper\">\n\t\t\n\t\t<a class=\"elementor-post__read-more\" href=\"https:\/\/entech.se\/en\/vstf-17-vertical-split-tube-furnace-up-to-1700-c\/\" aria-label=\"Read more about VSTF 17 VERTICAL SPLIT TUBE FURNACE UP TO 1700 \u00b0C\" tabindex=\"-1\" >\n\t\t\tRead more \u00bb\t\t<\/a>\n\n\t\t\t\t\t<\/div>\n\t\t\t\t<\/div>\n\t\t\t\t\t<\/div>\n\t\t<\/article>\n\t\t\t\t<article class=\"elementor-post elementor-grid-item post-382 post type-post status-publish format-standard has-post-thumbnail hentry category-rorugnar\" role=\"listitem\">\n\t\t\t<div class=\"elementor-post__card\">\n\t\t\t\t<a class=\"elementor-post__thumbnail__link\" href=\"https:\/\/entech.se\/en\/vtf-17-vertical-tube-furnace-up-to-1700-c\/\" tabindex=\"-1\" ><div class=\"elementor-post__thumbnail\"><img decoding=\"async\" width=\"131\" height=\"140\" src=\"https:\/\/entech.se\/wp-content\/uploads\/2023\/12\/Entech_VTF17_S.jpg\" class=\"attachment-full size-full wp-image-347\" alt=\"\" \/><\/div><\/a>\n\t\t\t\t<div class=\"elementor-post__badge\">Tube furnaces<\/div>\n\t\t\t\t<div class=\"elementor-post__text\">\n\t\t\t\t<h3 class=\"elementor-post__title\">\n\t\t\t<a href=\"https:\/\/entech.se\/en\/vtf-17-vertical-tube-furnace-up-to-1700-c\/\" >\n\t\t\t\tVTF 17 VERTICAL TUBE FURNACE UP TO 1700 \u00b0C\t\t\t<\/a>\n\t\t<\/h3>\n\t\t\t\t\t<div class=\"elementor-post__read-more-wrapper\">\n\t\t\n\t\t<a class=\"elementor-post__read-more\" href=\"https:\/\/entech.se\/en\/vtf-17-vertical-tube-furnace-up-to-1700-c\/\" aria-label=\"Read more about VTF 17 VERTICAL TUBE FURNACE UP TO 1700 \u00b0C\" tabindex=\"-1\" >\n\t\t\tRead more \u00bb\t\t<\/a>\n\n\t\t\t\t\t<\/div>\n\t\t\t\t<\/div>\n\t\t\t\t\t<\/div>\n\t\t<\/article>\n\t\t\t\t<article class=\"elementor-post elementor-grid-item post-379 post type-post status-publish format-standard has-post-thumbnail hentry category-rorugnar\" role=\"listitem\">\n\t\t\t<div class=\"elementor-post__card\">\n\t\t\t\t<a class=\"elementor-post__thumbnail__link\" href=\"https:\/\/entech.se\/en\/vstf-15-vertical-split-tube-furnace-up-to-1500-c\/\" tabindex=\"-1\" ><div class=\"elementor-post__thumbnail\"><img decoding=\"async\" width=\"131\" height=\"140\" src=\"https:\/\/entech.se\/wp-content\/uploads\/2023\/12\/Entech_VSTF15_S.jpg\" class=\"attachment-full size-full wp-image-348\" alt=\"\" \/><\/div><\/a>\n\t\t\t\t<div class=\"elementor-post__badge\">Tube furnaces<\/div>\n\t\t\t\t<div class=\"elementor-post__text\">\n\t\t\t\t<h3 class=\"elementor-post__title\">\n\t\t\t<a href=\"https:\/\/entech.se\/en\/vstf-15-vertical-split-tube-furnace-up-to-1500-c\/\" >\n\t\t\t\tVSTF 15 VERTICAL SPLIT TUBE FURNACE UP TO 1500 \u00b0C\t\t\t<\/a>\n\t\t<\/h3>\n\t\t\t\t\t<div class=\"elementor-post__read-more-wrapper\">\n\t\t\n\t\t<a class=\"elementor-post__read-more\" href=\"https:\/\/entech.se\/en\/vstf-15-vertical-split-tube-furnace-up-to-1500-c\/\" aria-label=\"Read more about VSTF 15 VERTICAL SPLIT TUBE FURNACE UP TO 1500 \u00b0C\" tabindex=\"-1\" >\n\t\t\tRead more \u00bb\t\t<\/a>\n\n\t\t\t\t\t<\/div>\n\t\t\t\t<\/div>\n\t\t\t\t\t<\/div>\n\t\t<\/article>\n\t\t\t\t<article class=\"elementor-post elementor-grid-item post-376 post type-post status-publish format-standard has-post-thumbnail hentry category-rorugnar\" role=\"listitem\">\n\t\t\t<div class=\"elementor-post__card\">\n\t\t\t\t<a class=\"elementor-post__thumbnail__link\" href=\"https:\/\/entech.se\/en\/vtf-15-vertical-tube-furnace-up-to-1500-c\/\" tabindex=\"-1\" ><div class=\"elementor-post__thumbnail\"><img loading=\"lazy\" decoding=\"async\" width=\"131\" height=\"140\" src=\"https:\/\/entech.se\/wp-content\/uploads\/2023\/12\/Entech_VTF15_S.jpg\" class=\"attachment-full size-full wp-image-349\" alt=\"\" \/><\/div><\/a>\n\t\t\t\t<div class=\"elementor-post__badge\">Tube furnaces<\/div>\n\t\t\t\t<div class=\"elementor-post__text\">\n\t\t\t\t<h3 class=\"elementor-post__title\">\n\t\t\t<a href=\"https:\/\/entech.se\/en\/vtf-15-vertical-tube-furnace-up-to-1500-c\/\" >\n\t\t\t\tVTF 15 VERTICAL TUBE FURNACE UP TO 1500 \u00b0C\t\t\t<\/a>\n\t\t<\/h3>\n\t\t\t\t\t<div class=\"elementor-post__read-more-wrapper\">\n\t\t\n\t\t<a class=\"elementor-post__read-more\" href=\"https:\/\/entech.se\/en\/vtf-15-vertical-tube-furnace-up-to-1500-c\/\" aria-label=\"Read more about VTF 15 VERTICAL TUBE FURNACE UP TO 1500 \u00b0C\" tabindex=\"-1\" >\n\t\t\tRead more \u00bb\t\t<\/a>\n\n\t\t\t\t\t<\/div>\n\t\t\t\t<\/div>\n\t\t\t\t\t<\/div>\n\t\t<\/article>\n\t\t\t\t<article class=\"elementor-post elementor-grid-item post-373 post type-post status-publish format-standard has-post-thumbnail hentry category-rorugnar\" role=\"listitem\">\n\t\t\t<div class=\"elementor-post__card\">\n\t\t\t\t<a class=\"elementor-post__thumbnail__link\" href=\"https:\/\/entech.se\/en\/vstf-11-vertical-split-tube-furnace-up-to-1100-c\/\" tabindex=\"-1\" ><div class=\"elementor-post__thumbnail\"><img loading=\"lazy\" decoding=\"async\" width=\"131\" height=\"140\" src=\"https:\/\/entech.se\/wp-content\/uploads\/2023\/12\/Entech_VSTF11_S.jpg\" class=\"attachment-full size-full wp-image-350\" alt=\"\" \/><\/div><\/a>\n\t\t\t\t<div class=\"elementor-post__badge\">Tube furnaces<\/div>\n\t\t\t\t<div class=\"elementor-post__text\">\n\t\t\t\t<h3 class=\"elementor-post__title\">\n\t\t\t<a href=\"https:\/\/entech.se\/en\/vstf-11-vertical-split-tube-furnace-up-to-1100-c\/\" >\n\t\t\t\tVSTF 11 VERTICAL SPLIT TUBE FURNACE UP TO 1100 \u00b0C\t\t\t<\/a>\n\t\t<\/h3>\n\t\t\t\t\t<div class=\"elementor-post__read-more-wrapper\">\n\t\t\n\t\t<a class=\"elementor-post__read-more\" href=\"https:\/\/entech.se\/en\/vstf-11-vertical-split-tube-furnace-up-to-1100-c\/\" aria-label=\"Read more about VSTF 11 VERTICAL SPLIT TUBE FURNACE UP TO 1100 \u00b0C\" tabindex=\"-1\" >\n\t\t\tRead more \u00bb\t\t<\/a>\n\n\t\t\t\t\t<\/div>\n\t\t\t\t<\/div>\n\t\t\t\t\t<\/div>\n\t\t<\/article>\n\t\t\t\t<article class=\"elementor-post elementor-grid-item post-369 post type-post status-publish format-standard has-post-thumbnail hentry category-rorugnar\" role=\"listitem\">\n\t\t\t<div class=\"elementor-post__card\">\n\t\t\t\t<a class=\"elementor-post__thumbnail__link\" href=\"https:\/\/entech.se\/en\/vtf-12-vertical-tube-furnace-up-to-1200-c\/\" tabindex=\"-1\" ><div class=\"elementor-post__thumbnail\"><img loading=\"lazy\" decoding=\"async\" width=\"131\" height=\"140\" src=\"https:\/\/entech.se\/wp-content\/uploads\/2023\/12\/Entech_VTF12_S.jpg\" class=\"attachment-full size-full wp-image-351\" alt=\"\" \/><\/div><\/a>\n\t\t\t\t<div class=\"elementor-post__badge\">Tube furnaces<\/div>\n\t\t\t\t<div class=\"elementor-post__text\">\n\t\t\t\t<h3 class=\"elementor-post__title\">\n\t\t\t<a href=\"https:\/\/entech.se\/en\/vtf-12-vertical-tube-furnace-up-to-1200-c\/\" >\n\t\t\t\tVTF 12 VERTICAL TUBE FURNACE UP TO 1200 \u00b0C\t\t\t<\/a>\n\t\t<\/h3>\n\t\t\t\t\t<div class=\"elementor-post__read-more-wrapper\">\n\t\t\n\t\t<a class=\"elementor-post__read-more\" href=\"https:\/\/entech.se\/en\/vtf-12-vertical-tube-furnace-up-to-1200-c\/\" aria-label=\"Read more about VTF 12 VERTICAL TUBE FURNACE UP TO 1200 \u00b0C\" tabindex=\"-1\" >\n\t\t\tRead more \u00bb\t\t<\/a>\n\n\t\t\t\t\t<\/div>\n\t\t\t\t<\/div>\n\t\t\t\t\t<\/div>\n\t\t<\/article>\n\t\t\t\t<article class=\"elementor-post elementor-grid-item post-366 post type-post status-publish format-standard has-post-thumbnail hentry category-rorugnar\" role=\"listitem\">\n\t\t\t<div class=\"elementor-post__card\">\n\t\t\t\t<a class=\"elementor-post__thumbnail__link\" href=\"https:\/\/entech.se\/en\/etf-18-horizontal-tube-furnace-up-to-1800-c\/\" tabindex=\"-1\" ><div class=\"elementor-post__thumbnail\"><img loading=\"lazy\" decoding=\"async\" width=\"131\" height=\"140\" src=\"https:\/\/entech.se\/wp-content\/uploads\/2023\/12\/Entech_ETF18_S.jpg\" class=\"attachment-full size-full wp-image-352\" alt=\"\" \/><\/div><\/a>\n\t\t\t\t<div class=\"elementor-post__badge\">Tube furnaces<\/div>\n\t\t\t\t<div class=\"elementor-post__text\">\n\t\t\t\t<h3 class=\"elementor-post__title\">\n\t\t\t<a href=\"https:\/\/entech.se\/en\/etf-18-horizontal-tube-furnace-up-to-1800-c\/\" >\n\t\t\t\tETF 18 HORIZONTAL TUBE FURNACE UP TO 1800 \u00b0C\t\t\t<\/a>\n\t\t<\/h3>\n\t\t\t\t\t<div class=\"elementor-post__read-more-wrapper\">\n\t\t\n\t\t<a class=\"elementor-post__read-more\" href=\"https:\/\/entech.se\/en\/etf-18-horizontal-tube-furnace-up-to-1800-c\/\" aria-label=\"Read more about ETF 18 HORIZONTAL TUBE FURNACE UP TO 1800 \u00b0C\" tabindex=\"-1\" >\n\t\t\tRead more \u00bb\t\t<\/a>\n\n\t\t\t\t\t<\/div>\n\t\t\t\t<\/div>\n\t\t\t\t\t<\/div>\n\t\t<\/article>\n\t\t\t\t<article class=\"elementor-post elementor-grid-item post-360 post type-post status-publish format-standard has-post-thumbnail hentry category-rorugnar\" role=\"listitem\">\n\t\t\t<div class=\"elementor-post__card\">\n\t\t\t\t<a class=\"elementor-post__thumbnail__link\" href=\"https:\/\/entech.se\/en\/etf-17-horizontal-tube-furnace-up-to-1700-c\/\" tabindex=\"-1\" ><div class=\"elementor-post__thumbnail\"><img loading=\"lazy\" decoding=\"async\" width=\"131\" height=\"140\" src=\"https:\/\/entech.se\/wp-content\/uploads\/2023\/12\/Entech_ETF17_S.jpg\" class=\"attachment-full size-full wp-image-353\" alt=\"\" \/><\/div><\/a>\n\t\t\t\t<div class=\"elementor-post__badge\">Tube furnaces<\/div>\n\t\t\t\t<div class=\"elementor-post__text\">\n\t\t\t\t<h3 class=\"elementor-post__title\">\n\t\t\t<a href=\"https:\/\/entech.se\/en\/etf-17-horizontal-tube-furnace-up-to-1700-c\/\" >\n\t\t\t\tETF 17 HORIZONTAL TUBE FURNACE UP TO 1700 \u00b0C\t\t\t<\/a>\n\t\t<\/h3>\n\t\t\t\t\t<div class=\"elementor-post__read-more-wrapper\">\n\t\t\n\t\t<a class=\"elementor-post__read-more\" href=\"https:\/\/entech.se\/en\/etf-17-horizontal-tube-furnace-up-to-1700-c\/\" aria-label=\"Read more about ETF 17 HORIZONTAL TUBE FURNACE UP TO 1700 \u00b0C\" tabindex=\"-1\" >\n\t\t\tRead more \u00bb\t\t<\/a>\n\n\t\t\t\t\t<\/div>\n\t\t\t\t<\/div>\n\t\t\t\t\t<\/div>\n\t\t<\/article>\n\t\t\t\t<article class=\"elementor-post elementor-grid-item post-357 post type-post status-publish format-standard has-post-thumbnail hentry category-rorugnar\" role=\"listitem\">\n\t\t\t<div class=\"elementor-post__card\">\n\t\t\t\t<a class=\"elementor-post__thumbnail__link\" href=\"https:\/\/entech.se\/en\/estf-15-horizontal-split-tube-furnace-up-to-1500-c\/\" tabindex=\"-1\" ><div class=\"elementor-post__thumbnail\"><img loading=\"lazy\" decoding=\"async\" width=\"131\" height=\"140\" src=\"https:\/\/entech.se\/wp-content\/uploads\/2023\/12\/Entech_ESTF15_S.jpg\" class=\"attachment-full size-full wp-image-354\" alt=\"\" \/><\/div><\/a>\n\t\t\t\t<div class=\"elementor-post__badge\">Tube furnaces<\/div>\n\t\t\t\t<div class=\"elementor-post__text\">\n\t\t\t\t<h3 class=\"elementor-post__title\">\n\t\t\t<a href=\"https:\/\/entech.se\/en\/estf-15-horizontal-split-tube-furnace-up-to-1500-c\/\" >\n\t\t\t\tESTF 15 HORIZONTAL SPLIT TUBE FURNACE UP TO 1500 \u00b0C\t\t\t<\/a>\n\t\t<\/h3>\n\t\t\t\t\t<div class=\"elementor-post__read-more-wrapper\">\n\t\t\n\t\t<a class=\"elementor-post__read-more\" href=\"https:\/\/entech.se\/en\/estf-15-horizontal-split-tube-furnace-up-to-1500-c\/\" aria-label=\"Read more about ESTF 15 HORIZONTAL SPLIT TUBE FURNACE UP TO 1500 \u00b0C\" tabindex=\"-1\" >\n\t\t\tRead more \u00bb\t\t<\/a>\n\n\t\t\t\t\t<\/div>\n\t\t\t\t<\/div>\n\t\t\t\t\t<\/div>\n\t\t<\/article>\n\t\t\t\t<article class=\"elementor-post elementor-grid-item post-344 post type-post status-publish format-standard has-post-thumbnail hentry category-rorugnar\" role=\"listitem\">\n\t\t\t<div class=\"elementor-post__card\">\n\t\t\t\t<a class=\"elementor-post__thumbnail__link\" href=\"https:\/\/entech.se\/en\/etf-15-horizontal-tube-furnace-up-to-1500-c\/\" tabindex=\"-1\" ><div class=\"elementor-post__thumbnail\"><img loading=\"lazy\" decoding=\"async\" width=\"131\" height=\"140\" src=\"https:\/\/entech.se\/wp-content\/uploads\/2023\/12\/Entech_ETF15_S.jpg\" class=\"attachment-full size-full wp-image-355\" alt=\"\" \/><\/div><\/a>\n\t\t\t\t<div class=\"elementor-post__badge\">Tube furnaces<\/div>\n\t\t\t\t<div class=\"elementor-post__text\">\n\t\t\t\t<h3 class=\"elementor-post__title\">\n\t\t\t<a href=\"https:\/\/entech.se\/en\/etf-15-horizontal-tube-furnace-up-to-1500-c\/\" >\n\t\t\t\tETF 15 HORIZONTAL TUBE FURNACE UP TO 1500 \u00b0C\t\t\t<\/a>\n\t\t<\/h3>\n\t\t\t\t\t<div class=\"elementor-post__read-more-wrapper\">\n\t\t\n\t\t<a class=\"elementor-post__read-more\" href=\"https:\/\/entech.se\/en\/etf-15-horizontal-tube-furnace-up-to-1500-c\/\" aria-label=\"Read more about ETF 15 HORIZONTAL TUBE FURNACE UP TO 1500 \u00b0C\" tabindex=\"-1\" >\n\t\t\tRead more \u00bb\t\t<\/a>\n\n\t\t\t\t\t<\/div>\n\t\t\t\t<\/div>\n\t\t\t\t\t<\/div>\n\t\t<\/article>\n\t\t\t\t<article class=\"elementor-post elementor-grid-item post-335 post type-post status-publish format-standard has-post-thumbnail hentry category-rorugnar\" role=\"listitem\">\n\t\t\t<div class=\"elementor-post__card\">\n\t\t\t\t<a class=\"elementor-post__thumbnail__link\" href=\"https:\/\/entech.se\/en\/estf-11-horizontal-split-tube-furnace-up-to-1100-c\/\" tabindex=\"-1\" ><div class=\"elementor-post__thumbnail\"><img loading=\"lazy\" decoding=\"async\" width=\"131\" height=\"140\" src=\"https:\/\/entech.se\/wp-content\/uploads\/2023\/12\/Entech_ESTF11_S.jpg\" class=\"attachment-full size-full wp-image-114\" alt=\"\" \/><\/div><\/a>\n\t\t\t\t<div class=\"elementor-post__badge\">Tube furnaces<\/div>\n\t\t\t\t<div class=\"elementor-post__text\">\n\t\t\t\t<h3 class=\"elementor-post__title\">\n\t\t\t<a href=\"https:\/\/entech.se\/en\/estf-11-horizontal-split-tube-furnace-up-to-1100-c\/\" >\n\t\t\t\tESTF 11 HORIZONTAL SPLIT TUBE FURNACE UP TO 1100 \u00b0C\t\t\t<\/a>\n\t\t<\/h3>\n\t\t\t\t\t<div class=\"elementor-post__read-more-wrapper\">\n\t\t\n\t\t<a class=\"elementor-post__read-more\" href=\"https:\/\/entech.se\/en\/estf-11-horizontal-split-tube-furnace-up-to-1100-c\/\" aria-label=\"Read more about ESTF 11 HORIZONTAL SPLIT TUBE FURNACE UP TO 1100 \u00b0C\" tabindex=\"-1\" >\n\t\t\tRead more \u00bb\t\t<\/a>\n\n\t\t\t\t\t<\/div>\n\t\t\t\t<\/div>\n\t\t\t\t\t<\/div>\n\t\t<\/article>\n\t\t\t\t<article class=\"elementor-post elementor-grid-item post-321 post type-post status-publish format-standard has-post-thumbnail hentry category-rorugnar\" role=\"listitem\">\n\t\t\t<div class=\"elementor-post__card\">\n\t\t\t\t<a class=\"elementor-post__thumbnail__link\" href=\"https:\/\/entech.se\/en\/etf-12-horizontal-tube-furnace-up-to-1200-c\/\" tabindex=\"-1\" ><div class=\"elementor-post__thumbnail\"><img loading=\"lazy\" decoding=\"async\" width=\"131\" height=\"140\" src=\"https:\/\/entech.se\/wp-content\/uploads\/2023\/12\/Entech_ETF12_S.jpg\" class=\"attachment-full size-full wp-image-327\" alt=\"\" \/><\/div><\/a>\n\t\t\t\t<div class=\"elementor-post__badge\">Tube furnaces<\/div>\n\t\t\t\t<div class=\"elementor-post__text\">\n\t\t\t\t<h3 class=\"elementor-post__title\">\n\t\t\t<a href=\"https:\/\/entech.se\/en\/etf-12-horizontal-tube-furnace-up-to-1200-c\/\" >\n\t\t\t\tETF 12 HORIZONTAL TUBE FURNACE UP TO 1200 \u00b0C\t\t\t<\/a>\n\t\t<\/h3>\n\t\t\t\t\t<div class=\"elementor-post__read-more-wrapper\">\n\t\t\n\t\t<a class=\"elementor-post__read-more\" href=\"https:\/\/entech.se\/en\/etf-12-horizontal-tube-furnace-up-to-1200-c\/\" aria-label=\"Read more about ETF 12 HORIZONTAL TUBE FURNACE UP TO 1200 \u00b0C\" tabindex=\"-1\" >\n\t\t\tRead more \u00bb\t\t<\/a>\n\n\t\t\t\t\t<\/div>\n\t\t\t\t<\/div>\n\t\t\t\t\t<\/div>\n\t\t<\/article>\n\t\t\t\t<\/div>\n\t\t\n\t\t\t\t\t\t<\/div>\n\t\t\t\t<\/div>\n\t\t\t\t<div class=\"elementor-element elementor-element-467b9dd elementor-align-center elementor-widget elementor-widget-button\" data-id=\"467b9dd\" data-element_type=\"widget\" data-e-type=\"widget\" data-widget_type=\"button.default\">\n\t\t\t\t<div class=\"elementor-widget-container\">\n\t\t\t\t\t\t\t\t\t<div class=\"elementor-button-wrapper\">\n\t\t\t\t\t<a class=\"elementor-button elementor-button-link elementor-size-sm\" href=\"\/en\/kontakt\/\">\n\t\t\t\t\t\t<span class=\"elementor-button-content-wrapper\">\n\t\t\t\t\t\t\t\t\t<span class=\"elementor-button-text\">Contact Us<\/span>\n\t\t\t\t\t<\/span>\n\t\t\t\t\t<\/a>\n\t\t\t\t<\/div>\n\t\t\t\t\t\t\t\t<\/div>\n\t\t\t\t<\/div>\n\t\t\t\t\t<\/div>\n\t\t<\/div>\n\t\t\t\t\t<\/div>\n\t\t<\/section>\n\t\t\t\t<\/div>","protected":false},"excerpt":{"rendered":"<p>R\u00f6rugnar R\u00f6rugnar hos Entech Entechs r\u00f6rugnar Liksom kammarugnarna tillverkas Entechs r\u00f6rugnar f\u00f6r olika temperaturer och f\u00f6r olika applikationer. Temperaturomr\u00e5den mellan 1100 -1800\u00b0C f\u00f6r kontinuerlig drift.<\/p>","protected":false},"author":1,"featured_media":0,"parent":0,"menu_order":0,"comment_status":"closed","ping_status":"closed","template":"","meta":{"site-sidebar-layout":"no-sidebar","site-content-layout":"","ast-site-content-layout":"full-width-container","site-content-style":"default","site-sidebar-style":"default","ast-global-header-display":"","ast-banner-title-visibility":"","ast-main-header-display":"","ast-hfb-above-header-display":"","ast-hfb-below-header-display":"","ast-hfb-mobile-header-display":"","site-post-title":"disabled","ast-breadcrumbs-content":"","ast-featured-img":"disabled","footer-sml-layout":"","ast-disable-related-posts":"","theme-transparent-header-meta":"","adv-header-id-meta":"","stick-header-meta":"","header-above-stick-meta":"","header-main-stick-meta":"","header-below-stick-meta":"","astra-migrate-meta-layouts":"default","ast-page-background-enabled":"default","ast-page-background-meta":{"desktop":{"background-color":"var(--ast-global-color-4)","background-image":"","background-repeat":"repeat","background-position":"center center","background-size":"auto","background-attachment":"scroll","background-type":"","background-media":"","overlay-type":"","overlay-color":"","overlay-opacity":"","overlay-gradient":""},"tablet":{"background-color":"","background-image":"","background-repeat":"repeat","background-position":"center center","background-size":"auto","background-attachment":"scroll","background-type":"","background-media":"","overlay-type":"","overlay-color":"","overlay-opacity":"","overlay-gradient":""},"mobile":{"background-color":"","background-image":"","background-repeat":"repeat","background-position":"center center","background-size":"auto","background-attachment":"scroll","background-type":"","background-media":"","overlay-type":"","overlay-color":"","overlay-opacity":"","overlay-gradient":""}},"ast-content-background-meta":{"desktop":{"background-color":"var(--ast-global-color-5)","background-image":"","background-repeat":"repeat","background-position":"center center","background-size":"auto","background-attachment":"scroll","background-type":"","background-media":"","overlay-type":"","overlay-color":"","overlay-opacity":"","overlay-gradient":""},"tablet":{"background-color":"var(--ast-global-color-5)","background-image":"","background-repeat":"repeat","background-position":"center center","background-size":"auto","background-attachment":"scroll","background-type":"","background-media":"","overlay-type":"","overlay-color":"","overlay-opacity":"","overlay-gradient":""},"mobile":{"background-color":"var(--ast-global-color-5)","background-image":"","background-repeat":"repeat","background-position":"center center","background-size":"auto","background-attachment":"scroll","background-type":"","background-media":"","overlay-type":"","overlay-color":"","overlay-opacity":"","overlay-gradient":""}},"footnotes":""},"class_list":["post-19","page","type-page","status-publish","hentry"],"_links":{"self":[{"href":"https:\/\/entech.se\/en\/wp-json\/wp\/v2\/pages\/19","targetHints":{"allow":["GET"]}}],"collection":[{"href":"https:\/\/entech.se\/en\/wp-json\/wp\/v2\/pages"}],"about":[{"href":"https:\/\/entech.se\/en\/wp-json\/wp\/v2\/types\/page"}],"author":[{"embeddable":true,"href":"https:\/\/entech.se\/en\/wp-json\/wp\/v2\/users\/1"}],"replies":[{"embeddable":true,"href":"https:\/\/entech.se\/en\/wp-json\/wp\/v2\/comments?post=19"}],"version-history":[{"count":40,"href":"https:\/\/entech.se\/en\/wp-json\/wp\/v2\/pages\/19\/revisions"}],"predecessor-version":[{"id":728,"href":"https:\/\/entech.se\/en\/wp-json\/wp\/v2\/pages\/19\/revisions\/728"}],"wp:attachment":[{"href":"https:\/\/entech.se\/en\/wp-json\/wp\/v2\/media?parent=19"}],"curies":[{"name":"wp","href":"https:\/\/api.w.org\/{rel}","templated":true}]}}